{"id":655,"date":"2024-09-16T18:24:51","date_gmt":"2024-09-16T18:24:51","guid":{"rendered":"https:\/\/wp250122.wpdns.ca\/?page_id=655"},"modified":"2024-12-02T20:54:05","modified_gmt":"2024-12-02T20:54:05","slug":"accueil","status":"publish","type":"page","link":"https:\/\/parozenith.com\/en\/","title":{"rendered":"HOME"},"content":{"rendered":"<div data-elementor-type=\"wp-page\" data-elementor-id=\"655\" class=\"elementor elementor-655\">\n\t\t\t\t<div class=\"elementor-element elementor-element-852850f e-con-full e-flex e-con e-parent\" data-id=\"852850f\" data-element_type=\"container\" data-settings=\"{&quot;background_background&quot;:&quot;classic&quot;}\">\n\t\t<div class=\"elementor-element elementor-element-c5ddd75 e-flex e-con-boxed e-con e-child\" data-id=\"c5ddd75\" data-element_type=\"container\" data-settings=\"{&quot;background_background&quot;:&quot;classic&quot;}\">\n\t\t\t\t\t<div class=\"e-con-inner\">\n\t\t\t\t<div class=\"elementor-element elementor-element-25a868c elementor-widget elementor-widget-heading\" data-id=\"25a868c\" data-element_type=\"widget\" data-widget_type=\"heading.default\">\n\t\t\t\t<div class=\"elementor-widget-container\">\n\t\t\t\t\t<h1 class=\"elementor-heading-title elementor-size-default\">WELCOME TO THE NEW<br>Z\u00c9NITH CLINIC<\/h1>\t\t\t\t<\/div>\n\t\t\t\t<\/div>\n\t\t\t\t\t<\/div>\n\t\t\t\t<\/div>\n\t\t\t\t<\/div>\n\t\t<div class=\"elementor-element elementor-element-7f4481a e-con-full e-flex e-con e-parent\" data-id=\"7f4481a\" data-element_type=\"container\" data-settings=\"{&quot;background_background&quot;:&quot;classic&quot;}\">\n\t\t<div class=\"elementor-element elementor-element-cb8dc67 e-grid e-con-boxed e-con e-child\" data-id=\"cb8dc67\" data-element_type=\"container\" data-settings=\"{&quot;background_background&quot;:&quot;classic&quot;}\">\n\t\t\t\t\t<div class=\"e-con-inner\">\n\t\t<div class=\"elementor-element elementor-element-ae0c843 e-con-full e-flex e-con e-child\" data-id=\"ae0c843\" data-element_type=\"container\">\n\t\t\t\t<div class=\"elementor-element elementor-element-165f58e elementor-widget elementor-widget-heading\" data-id=\"165f58e\" data-element_type=\"widget\" data-widget_type=\"heading.default\">\n\t\t\t\t<div class=\"elementor-widget-container\">\n\t\t\t\t\t<h2 class=\"elementor-heading-title elementor-size-default\">DID YOU KNOW THAT YOUR<\/br>GUMS PLAY A CRUCIAL <\/br>ROLE IN THE HEALTH OF YOUR TEETH?<\/h2>\t\t\t\t<\/div>\n\t\t\t\t<\/div>\n\t\t\t\t<\/div>\n\t\t<div class=\"elementor-element elementor-element-1b3563c e-con-full e-flex e-con e-child\" data-id=\"1b3563c\" data-element_type=\"container\">\n\t\t\t\t<div class=\"elementor-element elementor-element-7a4c658 elementor-widget elementor-widget-text-editor\" data-id=\"7a4c658\" data-element_type=\"widget\" data-widget_type=\"text-editor.default\">\n\t\t\t\t<div class=\"elementor-widget-container\">\n\t\t\t\t\t\t\t\t\t<p>Periodontology is a branch of dentistry dedicated to preventing, diagnosing, and treating periodontal diseases, which affect the gums and the bones supporting the teeth. This specialty ensures that the foundational structures of your teeth remain strong and healthy. It also includes the planning, placement, and maintenance of dental implants.<!-- notionvc: 736bd55b-18f7-4ec9-a316-4c12fb860cd4 --><\/p>\t\t\t\t\t\t\t\t<\/div>\n\t\t\t\t<\/div>\n\t\t\t\t<\/div>\n\t\t\t\t\t<\/div>\n\t\t\t\t<\/div>\n\t\t\t\t<\/div>\n\t\t<div class=\"elementor-element elementor-element-123565e e-flex e-con-boxed e-con e-parent\" data-id=\"123565e\" data-element_type=\"container\">\n\t\t\t\t\t<div class=\"e-con-inner\">\n\t\t\t\t<div class=\"elementor-element elementor-element-bc28bd4 elementor-widget elementor-widget-heading\" data-id=\"bc28bd4\" data-element_type=\"widget\" data-widget_type=\"heading.default\">\n\t\t\t\t<div class=\"elementor-widget-container\">\n\t\t\t\t\t<h2 class=\"elementor-heading-title elementor-size-default\">DO YOU HAVE A DENTAL EMERGENCY?<\/h2>\t\t\t\t<\/div>\n\t\t\t\t<\/div>\n\t\t\t\t<div class=\"elementor-element elementor-element-c7f9f2b elementor-widget elementor-widget-text-editor\" data-id=\"c7f9f2b\" data-element_type=\"widget\" data-widget_type=\"text-editor.default\">\n\t\t\t\t<div class=\"elementor-widget-container\">\n\t\t\t\t\t\t\t\t\t<p>Did you undergo a surgical treatment and have concerns? You can refer to the written post-operative instructions we provided on the day of the procedure. The most common questions usually concern the following:<\/p>\t\t\t\t\t\t\t\t<\/div>\n\t\t\t\t<\/div>\n\t\t\t\t\t<\/div>\n\t\t\t\t<\/div>\n\t\t<div class=\"elementor-element elementor-element-72df215 e-flex e-con-boxed e-con e-parent\" data-id=\"72df215\" data-element_type=\"container\" data-settings=\"{&quot;background_background&quot;:&quot;classic&quot;}\">\n\t\t\t\t\t<div class=\"e-con-inner\">\n\t\t<div class=\"elementor-element elementor-element-f52d107 e-grid e-con-boxed e-con e-child\" data-id=\"f52d107\" data-element_type=\"container\" data-settings=\"{&quot;background_background&quot;:&quot;classic&quot;}\">\n\t\t\t\t\t<div class=\"e-con-inner\">\n\t\t<div class=\"elementor-element elementor-element-127fa12 e-con-full e-flex e-con e-child\" data-id=\"127fa12\" data-element_type=\"container\" data-settings=\"{&quot;background_background&quot;:&quot;classic&quot;}\">\n\t\t<div class=\"elementor-element elementor-element-effa806 e-con-full e-flex e-con e-child\" data-id=\"effa806\" data-element_type=\"container\" data-settings=\"{&quot;background_background&quot;:&quot;classic&quot;}\">\n\t\t\t\t<div class=\"elementor-element elementor-element-fb141ab elementor-widget elementor-widget-heading\" data-id=\"fb141ab\" data-element_type=\"widget\" data-widget_type=\"heading.default\">\n\t\t\t\t<div class=\"elementor-widget-container\">\n\t\t\t\t\t<h2 class=\"elementor-heading-title elementor-size-default\">Bleeding<\/h2>\t\t\t\t<\/div>\n\t\t\t\t<\/div>\n\t\t\t\t<\/div>\n\t\t\t\t<div class=\"elementor-element elementor-element-459d042 elementor-widget elementor-widget-ucaddon_toggle_text_button\" data-id=\"459d042\" data-element_type=\"widget\" data-widget_type=\"ucaddon_toggle_text_button.default\">\n\t\t\t\t<div class=\"elementor-widget-container\">\n\t\t\t\t\t\n<!-- start Toggle Text Button -->\n<style>\/* widget: Toggle Text Button *\/\n\n#uc_toggle_text_button_elementor_459d042 .read_more{\n  text-decoration:none;\n  font-size:14px;\n  color:white;\n  transition:0.3s;\n  cursor: pointer;\n}\n\n<\/style>\n\n<div id=\"uc_toggle_text_button_elementor_459d042\" class=\"toggle_text_button\"> \n  \n  <div class=\"short_txt\"><p>If the bleeding persists, apply pressure to the surgical area for 20 to 30 minutes...<\/p><\/div>   \n  <div class=\"long_txt\" style=\"display:none;\"><p>If the bleeding persists, apply pressure to the surgical area for 20 to 30 minutes using the sterile gauze we provided. You can also replace the gauze with a damp black tea bag.<\/p><\/div>  \n  \n  <div style=\"text-align:inherit;\">  \n    <span class=\"read_more\">\n      <span class=\"btn_txt_before_click\"><span  class=\"uc_style_toggle_text_button_elementor_button_text\" style=\"color:#D4D7DA;\">En savoir plus<\/span><\/span>\n      <span class=\"btn_txt_after_click\" style=\"display:none;\"><span  class=\"uc_style_toggle_text_button_elementor_button_text_close\" style=\"color:#D4D7DA;\">Moins<\/span><\/span>\n    <\/span>  \n  <\/div>  \n<\/div>\n<!-- end Toggle Text Button -->\t\t\t\t<\/div>\n\t\t\t\t<\/div>\n\t\t\t\t<\/div>\n\t\t<div class=\"elementor-element elementor-element-90344a6 e-con-full e-flex e-con e-child\" data-id=\"90344a6\" data-element_type=\"container\" data-settings=\"{&quot;background_background&quot;:&quot;classic&quot;}\">\n\t\t<div class=\"elementor-element elementor-element-c14f78f e-con-full e-flex e-con e-child\" data-id=\"c14f78f\" data-element_type=\"container\" data-settings=\"{&quot;background_background&quot;:&quot;classic&quot;}\">\n\t\t\t\t<div class=\"elementor-element elementor-element-f186934 elementor-widget elementor-widget-heading\" data-id=\"f186934\" data-element_type=\"widget\" data-widget_type=\"heading.default\">\n\t\t\t\t<div class=\"elementor-widget-container\">\n\t\t\t\t\t<h2 class=\"elementor-heading-title elementor-size-default\">Swelling<\/h2>\t\t\t\t<\/div>\n\t\t\t\t<\/div>\n\t\t\t\t<\/div>\n\t\t\t\t<div class=\"elementor-element elementor-element-0727d46 elementor-widget elementor-widget-ucaddon_toggle_text_button\" data-id=\"0727d46\" data-element_type=\"widget\" data-widget_type=\"ucaddon_toggle_text_button.default\">\n\t\t\t\t<div class=\"elementor-widget-container\">\n\t\t\t\t\t\n<!-- start Toggle Text Button -->\n<style>\/* widget: Toggle Text Button *\/\n\n#uc_toggle_text_button_elementor_0727d46 .read_more{\n  text-decoration:none;\n  font-size:14px;\n  color:white;\n  transition:0.3s;\n  cursor: pointer;\n}\n\n<\/style>\n\n<div id=\"uc_toggle_text_button_elementor_0727d46\" class=\"toggle_text_button\"> \n  \n  <div class=\"short_txt\"><p>After surgery, it is normal to experience swelling inside the mouth and...<\/p><\/div>   \n  <div class=\"long_txt\" style=\"display:none;\"><div class=\"page\" title=\"Page 1\"><div class=\"section\"><div class=\"layoutArea\"><div class=\"column\"><div class=\"page\" title=\"Page 1\"><div class=\"section\"><div class=\"layoutArea\"><div class=\"column\"><p>After surgery, it is normal to experience swelling inside the mouth and outside of the face. This swelling typically peaks between the 3rd and 5th day before gradually subsiding. To reduce the swelling, apply ice to the affected area of your face for 15 to 20 minutes every hour until bedtime. There is no need to apply ice more than 24 hours after the procedure.<\/p><\/div><\/div><\/div><\/div><\/div><\/div><\/div><\/div><\/div>  \n  \n  <div style=\"text-align:inherit;\">  \n    <span class=\"read_more\">\n      <span class=\"btn_txt_before_click\"><span  class=\"uc_style_toggle_text_button_elementor_button_text\" style=\"color:#D4D7DA;\">En savoir plus<\/span><\/span>\n      <span class=\"btn_txt_after_click\" style=\"display:none;\"><span  class=\"uc_style_toggle_text_button_elementor_button_text_close\" style=\"color:#D4D7DA;\">Moins<\/span><\/span>\n    <\/span>  \n  <\/div>  \n<\/div>\n<!-- end Toggle Text Button -->\t\t\t\t<\/div>\n\t\t\t\t<\/div>\n\t\t\t\t<\/div>\n\t\t<div class=\"elementor-element elementor-element-7f49e8e e-con-full e-flex e-con e-child\" data-id=\"7f49e8e\" data-element_type=\"container\" data-settings=\"{&quot;background_background&quot;:&quot;classic&quot;}\">\n\t\t<div class=\"elementor-element elementor-element-a11109a e-con-full e-flex e-con e-child\" data-id=\"a11109a\" data-element_type=\"container\" data-settings=\"{&quot;background_background&quot;:&quot;classic&quot;}\">\n\t\t\t\t<div class=\"elementor-element elementor-element-98595c8 elementor-widget elementor-widget-heading\" data-id=\"98595c8\" data-element_type=\"widget\" data-widget_type=\"heading.default\">\n\t\t\t\t<div class=\"elementor-widget-container\">\n\t\t\t\t\t<h2 class=\"elementor-heading-title elementor-size-default\">Pain<\/h2>\t\t\t\t<\/div>\n\t\t\t\t<\/div>\n\t\t\t\t<\/div>\n\t\t\t\t<div class=\"elementor-element elementor-element-97e6755 elementor-widget elementor-widget-ucaddon_toggle_text_button\" data-id=\"97e6755\" data-element_type=\"widget\" data-widget_type=\"ucaddon_toggle_text_button.default\">\n\t\t\t\t<div class=\"elementor-widget-container\">\n\t\t\t\t\t\n<!-- start Toggle Text Button -->\n<style>\/* widget: Toggle Text Button *\/\n\n#uc_toggle_text_button_elementor_97e6755 .read_more{\n  text-decoration:none;\n  font-size:14px;\n  color:white;\n  transition:0.3s;\n  cursor: pointer;\n}\n\n<\/style>\n\n<div id=\"uc_toggle_text_button_elementor_97e6755\" class=\"toggle_text_button\"> \n  \n  <div class=\"short_txt\"><p>Take the recommended dose of medication at the prescribed...<\/p><\/div>   \n  <div class=\"long_txt\" style=\"display:none;\"><div class=\"page\" title=\"Page 1\"><div class=\"section\"><div class=\"layoutArea\"><div class=\"column\"><p>Take the recommended dose of medication at the prescribed intervals. Pain management becomes more difficult if you delay or forget to take them.<\/p><\/div><\/div><\/div><\/div><\/div>  \n  \n  <div style=\"text-align:inherit;\">  \n    <span class=\"read_more\">\n      <span class=\"btn_txt_before_click\"><span  class=\"uc_style_toggle_text_button_elementor_button_text\" style=\"color:#D4D7DA;\">En savoir plus<\/span><\/span>\n      <span class=\"btn_txt_after_click\" style=\"display:none;\"><span  class=\"uc_style_toggle_text_button_elementor_button_text_close\" style=\"color:#D4D7DA;\">Moins<\/span><\/span>\n    <\/span>  \n  <\/div>  \n<\/div>\n<!-- end Toggle Text Button -->\t\t\t\t<\/div>\n\t\t\t\t<\/div>\n\t\t\t\t<\/div>\n\t\t\t\t\t<\/div>\n\t\t\t\t<\/div>\n\t\t\t\t\t<\/div>\n\t\t\t\t<\/div>\n\t\t<div class=\"elementor-element elementor-element-c19722c e-flex e-con-boxed e-con e-parent\" data-id=\"c19722c\" data-element_type=\"container\" data-settings=\"{&quot;background_background&quot;:&quot;classic&quot;}\">\n\t\t\t\t\t<div class=\"e-con-inner\">\n\t\t\t\t<div class=\"elementor-element elementor-element-46b9def elementor-widget elementor-widget-heading\" data-id=\"46b9def\" data-element_type=\"widget\" data-widget_type=\"heading.default\">\n\t\t\t\t<div class=\"elementor-widget-container\">\n\t\t\t\t\t<h2 class=\"elementor-heading-title elementor-size-default\">DO YOU HAVE ANY OTHER QUESTIONS?<\/h2>\t\t\t\t<\/div>\n\t\t\t\t<\/div>\n\t\t\t\t<div class=\"elementor-element elementor-element-76e5356 elementor-widget elementor-widget-heading\" data-id=\"76e5356\" data-element_type=\"widget\" data-widget_type=\"heading.default\">\n\t\t\t\t<div class=\"elementor-widget-container\">\n\t\t\t\t\t<h2 class=\"elementor-heading-title elementor-size-default\">During Business Hours<\/h2>\t\t\t\t<\/div>\n\t\t\t\t<\/div>\n\t\t\t\t<div class=\"elementor-element elementor-element-b0274ce elementor-widget elementor-widget-text-editor\" data-id=\"b0274ce\" data-element_type=\"widget\" data-widget_type=\"text-editor.default\">\n\t\t\t\t<div class=\"elementor-widget-container\">\n\t\t\t\t\t\t\t\t\t<div class=\"page\" title=\"Page 1\"><div class=\"section\"><div class=\"layoutArea\"><div class=\"column\"><p>During our office hours from Monday to Thursday, 8:30 AM to 3:30 PM, feel free to call us, and our team will be happy to assist you: Phone Number.<\/p><\/div><\/div><\/div><\/div>\t\t\t\t\t\t\t\t<\/div>\n\t\t\t\t<\/div>\n\t\t\t\t<div class=\"elementor-element elementor-element-3a741d2 elementor-widget elementor-widget-heading\" data-id=\"3a741d2\" data-element_type=\"widget\" data-widget_type=\"heading.default\">\n\t\t\t\t<div class=\"elementor-widget-container\">\n\t\t\t\t\t<h2 class=\"elementor-heading-title elementor-size-default\">Outside of Business Hours<\/h2>\t\t\t\t<\/div>\n\t\t\t\t<\/div>\n\t\t\t\t<div class=\"elementor-element elementor-element-e597855 elementor-widget elementor-widget-text-editor\" data-id=\"e597855\" data-element_type=\"widget\" data-widget_type=\"text-editor.default\">\n\t\t\t\t<div class=\"elementor-widget-container\">\n\t\t\t\t\t\t\t\t\t<div class=\"page\" title=\"Page 1\"><div class=\"section\"><div class=\"layoutArea\"><div class=\"column\"><div class=\"page\" title=\"Page 1\"><div class=\"section\"><div class=\"layoutArea\"><div class=\"column\"><p>Outside of office hours, you can contact your periodontist, Dr. \u00c9milie Vachon, directly on her personal cell number provided at the bottom of the post-operative instructions she gave you on the day of your procedure.<\/p><\/div><\/div><\/div><\/div><\/div><\/div><\/div><\/div>\t\t\t\t\t\t\t\t<\/div>\n\t\t\t\t<\/div>\n\t\t\t\t<div class=\"elementor-element elementor-element-3d54d35 elementor-widget elementor-widget-heading\" data-id=\"3d54d35\" data-element_type=\"widget\" data-widget_type=\"heading.default\">\n\t\t\t\t<div class=\"elementor-widget-container\">\n\t\t\t\t\t<h2 class=\"elementor-heading-title elementor-size-default\">During Holidays or an Extended Break<\/h2>\t\t\t\t<\/div>\n\t\t\t\t<\/div>\n\t\t\t\t<div class=\"elementor-element elementor-element-299a533 elementor-widget elementor-widget-text-editor\" data-id=\"299a533\" data-element_type=\"widget\" data-widget_type=\"text-editor.default\">\n\t\t\t\t<div class=\"elementor-widget-container\">\n\t\t\t\t\t\t\t\t\t<div class=\"page\" title=\"Page 1\"><div class=\"section\"><div class=\"layoutArea\"><div class=\"column\"><div class=\"page\" title=\"Page 1\"><div class=\"section\"><div class=\"layoutArea\"><div class=\"column\"><p><span style=\"font-weight: 400;\">If you're on vacation or on extended leave, don't hesitate to contact Dr. Vachon on her cell phone, or your regular dentist if you can't reach us. Otherwise, you can also contact the following 2 emergency dental centers:\u00a0<\/span><\/p><ul><li><span style=\"font-weight: 400;\">Champlain Dental Clinic (Mail Champlain, Brossard)<\/span><\/li><li><p><span style=\"font-weight: 400;\">Anjou Dental Clinic (Montreal)<\/span><\/p><\/li><\/ul><\/div><\/div><\/div><\/div><\/div><\/div><\/div><\/div>\t\t\t\t\t\t\t\t<\/div>\n\t\t\t\t<\/div>\n\t\t\t\t\t<\/div>\n\t\t\t\t<\/div>\n\t\t\t\t<\/div>","protected":false},"excerpt":{"rendered":"<p>BIENVENUE \u00c0 LA NOUVELLECLINIQUE Z\u00c9NITH! SAVIEZ-VOUS QUE VOSGENCIVES JOUENT UN R\u00d4LE CRUCIAL DANS LA SANT\u00c9 DE VOS DENTS ? La parodontie est une discipline de la dentisterie d\u00e9di\u00e9e \u00e0 la pr\u00e9vention, au diagnostic et au traitement des maladies parodontales, qui affectent les gencives et les os soutenant les dents. Cette sp\u00e9cialit\u00e9 s&rsquo;assure que les structures [&hellip;]<\/p>","protected":false},"author":2,"featured_media":0,"parent":0,"menu_order":0,"comment_status":"closed","ping_status":"closed","template":"","meta":{"site-sidebar-layout":"no-sidebar","site-content-layout":"page-builder","ast-site-content-layout":"full-width-container","site-content-style":"default","site-sidebar-style":"default","ast-global-header-display":"","ast-banner-title-visibility":"","ast-main-header-display":"","ast-hfb-above-header-display":"","ast-hfb-below-header-display":"","ast-hfb-mobile-header-display":"","site-post-title":"disabled","ast-breadcrumbs-content":"","ast-featured-img":"disabled","footer-sml-layout":"","theme-transparent-header-meta":"","adv-header-id-meta":"","stick-header-meta":"","header-above-stick-meta":"","header-main-stick-meta":"","header-below-stick-meta":"","astra-migrate-meta-layouts":"set","ast-page-background-enabled":"default","ast-page-background-meta":{"desktop":{"background-color":"var(--ast-global-color-4)","background-image":"","background-repeat":"repeat","background-position":"center center","background-size":"auto","background-attachment":"scroll","background-type":"","background-media":"","overlay-type":"","overlay-color":"","overlay-opacity":"","overlay-gradient":""},"tablet":{"background-color":"","background-image":"","background-repeat":"repeat","background-position":"center center","background-size":"auto","background-attachment":"scroll","background-type":"","background-media":"","overlay-type":"","overlay-color":"","overlay-opacity":"","overlay-gradient":""},"mobile":{"background-color":"","background-image":"","background-repeat":"repeat","background-position":"center center","background-size":"auto","background-attachment":"scroll","background-type":"","background-media":"","overlay-type":"","overlay-color":"","overlay-opacity":"","overlay-gradient":""}},"ast-content-background-meta":{"desktop":{"background-color":"var(--ast-global-color-5)","background-image":"","background-repeat":"repeat","background-position":"center center","background-size":"auto","background-attachment":"scroll","background-type":"","background-media":"","overlay-type":"","overlay-color":"","overlay-opacity":"","overlay-gradient":""},"tablet":{"background-color":"var(--ast-global-color-5)","background-image":"","background-repeat":"repeat","background-position":"center center","background-size":"auto","background-attachment":"scroll","background-type":"","background-media":"","overlay-type":"","overlay-color":"","overlay-opacity":"","overlay-gradient":""},"mobile":{"background-color":"var(--ast-global-color-5)","background-image":"","background-repeat":"repeat","background-position":"center center","background-size":"auto","background-attachment":"scroll","background-type":"","background-media":"","overlay-type":"","overlay-color":"","overlay-opacity":"","overlay-gradient":""}},"footnotes":""},"class_list":["post-655","page","type-page","status-publish","hentry"],"featured_image_src":null,"featured_image_src_square":null,"_links":{"self":[{"href":"https:\/\/parozenith.com\/en\/wp-json\/wp\/v2\/pages\/655","targetHints":{"allow":["GET"]}}],"collection":[{"href":"https:\/\/parozenith.com\/en\/wp-json\/wp\/v2\/pages"}],"about":[{"href":"https:\/\/parozenith.com\/en\/wp-json\/wp\/v2\/types\/page"}],"author":[{"embeddable":true,"href":"https:\/\/parozenith.com\/en\/wp-json\/wp\/v2\/users\/2"}],"replies":[{"embeddable":true,"href":"https:\/\/parozenith.com\/en\/wp-json\/wp\/v2\/comments?post=655"}],"version-history":[{"count":0,"href":"https:\/\/parozenith.com\/en\/wp-json\/wp\/v2\/pages\/655\/revisions"}],"wp:attachment":[{"href":"https:\/\/parozenith.com\/en\/wp-json\/wp\/v2\/media?parent=655"}],"curies":[{"name":"wp","href":"https:\/\/api.w.org\/{rel}","templated":true}]}}