{"id":668,"date":"2024-09-16T19:19:28","date_gmt":"2024-09-16T19:19:28","guid":{"rendered":"https:\/\/wp250122.wpdns.ca\/?page_id=668"},"modified":"2025-01-20T18:11:00","modified_gmt":"2025-01-20T18:11:00","slug":"nous-joindre","status":"publish","type":"page","link":"https:\/\/parozenith.com\/en\/nous-joindre\/","title":{"rendered":"CONTACT US"},"content":{"rendered":"<div data-elementor-type=\"wp-page\" data-elementor-id=\"668\" class=\"elementor elementor-668\">\n\t\t\t\t<div class=\"elementor-element elementor-element-ab04353 e-flex e-con-boxed e-con e-parent\" data-id=\"ab04353\" data-element_type=\"container\" data-settings=\"{&quot;background_background&quot;:&quot;classic&quot;}\">\n\t\t\t\t\t<div class=\"e-con-inner\">\n\t\t<div class=\"elementor-element elementor-element-bbf9d17 e-con-full e-flex e-con e-child\" data-id=\"bbf9d17\" data-element_type=\"container\">\n\t\t\t\t<div class=\"elementor-element elementor-element-19599fd elementor-widget elementor-widget-heading\" data-id=\"19599fd\" data-element_type=\"widget\" data-widget_type=\"heading.default\">\n\t\t\t\t<div class=\"elementor-widget-container\">\n\t\t\t\t\t<h1 class=\"elementor-heading-title elementor-size-default\">CONTACT US<\/h1>\t\t\t\t<\/div>\n\t\t\t\t<\/div>\n\t\t\t\t<\/div>\n\t\t<div class=\"elementor-element elementor-element-09bbee7 e-con-full e-flex e-con e-child\" data-id=\"09bbee7\" data-element_type=\"container\">\n\t\t\t\t<div class=\"elementor-element elementor-element-01b83d9 elementor-widget elementor-widget-heading\" data-id=\"01b83d9\" data-element_type=\"widget\" data-widget_type=\"heading.default\">\n\t\t\t\t<div class=\"elementor-widget-container\">\n\t\t\t\t\t<h2 class=\"elementor-heading-title elementor-size-default\">OPENING HOURS<\/h2>\t\t\t\t<\/div>\n\t\t\t\t<\/div>\n\t\t\t\t<div class=\"elementor-element elementor-element-5c5e1c5 elementor-widget elementor-widget-text-editor\" data-id=\"5c5e1c5\" data-element_type=\"widget\" data-widget_type=\"text-editor.default\">\n\t\t\t\t<div class=\"elementor-widget-container\">\n\t\t\t\t\t\t\t\t\t<div class=\"page\" title=\"Page 1\">\n<div class=\"section\">\n<div class=\"layoutArea\">\n<div class=\"column\">\n<p>Monday to Thursday<br><b style=\"font-weight: 500;\">8:30 a.m. to 3:30 p.m.<\/b><\/p>\n<p>Friday to Sunday<br><b style=\"font-weight: 500;\">Closed<\/b><\/p>\n<\/div>\n<\/div>\n<\/div>\n<\/div>\t\t\t\t\t\t\t\t<\/div>\n\t\t\t\t<\/div>\n\t\t\t\t<\/div>\n\t\t<div class=\"elementor-element elementor-element-8f51a53 e-con-full e-flex e-con e-child\" data-id=\"8f51a53\" data-element_type=\"container\">\n\t\t\t\t<div class=\"elementor-element elementor-element-e1c5761 elementor-widget elementor-widget-heading\" data-id=\"e1c5761\" data-element_type=\"widget\" data-widget_type=\"heading.default\">\n\t\t\t\t<div class=\"elementor-widget-container\">\n\t\t\t\t\t<h2 class=\"elementor-heading-title elementor-size-default\">EMAIL<\/h2>\t\t\t\t<\/div>\n\t\t\t\t<\/div>\n\t\t\t\t<div class=\"elementor-element elementor-element-4e03a1b elementor-widget elementor-widget-text-editor\" data-id=\"4e03a1b\" data-element_type=\"widget\" data-widget_type=\"text-editor.default\">\n\t\t\t\t<div class=\"elementor-widget-container\">\n\t\t\t\t\t\t\t\t\t<a style=\"color: white;\" href=\"mailto:info@parozenith.com\">info@parozenith.com<\/a>\t\t\t\t\t\t\t\t<\/div>\n\t\t\t\t<\/div>\n\t\t\t\t<\/div>\n\t\t<div class=\"elementor-element elementor-element-3953681 e-con-full e-flex e-con e-child\" data-id=\"3953681\" data-element_type=\"container\">\n\t\t\t\t<div class=\"elementor-element elementor-element-731724b elementor-widget elementor-widget-heading\" data-id=\"731724b\" data-element_type=\"widget\" data-widget_type=\"heading.default\">\n\t\t\t\t<div class=\"elementor-widget-container\">\n\t\t\t\t\t<h2 class=\"elementor-heading-title elementor-size-default\">PHONE NUMBER<\/h2>\t\t\t\t<\/div>\n\t\t\t\t<\/div>\n\t\t\t\t<div class=\"elementor-element elementor-element-0ca643b elementor-widget elementor-widget-text-editor\" data-id=\"0ca643b\" data-element_type=\"widget\" data-widget_type=\"text-editor.default\">\n\t\t\t\t<div class=\"elementor-widget-container\">\n\t\t\t\t\t\t\t\t\t<a href=\"tel:4502861797\" style=\"color:white;\">(450) 286-1797<\/a>\t\t\t\t\t\t\t\t<\/div>\n\t\t\t\t<\/div>\n\t\t\t\t<\/div>\n\t\t<div class=\"elementor-element elementor-element-d250bec e-con-full e-flex e-con e-child\" data-id=\"d250bec\" data-element_type=\"container\">\n\t\t\t\t<div class=\"elementor-element elementor-element-7446029 elementor-widget elementor-widget-heading\" data-id=\"7446029\" data-element_type=\"widget\" data-widget_type=\"heading.default\">\n\t\t\t\t<div class=\"elementor-widget-container\">\n\t\t\t\t\t<h2 class=\"elementor-heading-title elementor-size-default\">PARKING<\/h2>\t\t\t\t<\/div>\n\t\t\t\t<\/div>\n\t\t\t\t<div class=\"elementor-element elementor-element-3e6a974 elementor-widget elementor-widget-text-editor\" data-id=\"3e6a974\" data-element_type=\"widget\" data-widget_type=\"text-editor.default\">\n\t\t\t\t<div class=\"elementor-widget-container\">\n\t\t\t\t\t\t\t\t\t<p>Parking is available behind and in front of the building, as well as on adjacent streets (Rues R\u00e9gina and Morley).<!-- notionvc: 1f7db4ba-0f52-4d18-b5f0-c03121f6c3c1 --><\/p>\t\t\t\t\t\t\t\t<\/div>\n\t\t\t\t<\/div>\n\t\t\t\t<div class=\"elementor-element elementor-element-c848a65 elementor-widget elementor-widget-heading\" data-id=\"c848a65\" data-element_type=\"widget\" data-widget_type=\"heading.default\">\n\t\t\t\t<div class=\"elementor-widget-container\">\n\t\t\t\t\t<h2 class=\"elementor-heading-title elementor-size-default\">ADDRESS<\/h2>\t\t\t\t<\/div>\n\t\t\t\t<\/div>\n\t\t\t\t<div class=\"elementor-element elementor-element-c6d9249 elementor-widget elementor-widget-text-editor\" data-id=\"c6d9249\" data-element_type=\"widget\" data-widget_type=\"text-editor.default\">\n\t\t\t\t<div class=\"elementor-widget-container\">\n\t\t\t\t\t\t\t\t\t<p>2070 Avenue Victoria<\/p><p>Greenfield Park, Qu\u00e9bec<\/p><p>J4V1M8<\/p>\t\t\t\t\t\t\t\t<\/div>\n\t\t\t\t<\/div>\n\t\t\t\t<\/div>\n\t\t<div class=\"elementor-element elementor-element-135343f e-con-full e-flex e-con e-child\" data-id=\"135343f\" data-element_type=\"container\">\n\t\t\t\t<div class=\"elementor-element elementor-element-93f3f37 elementor-widget elementor-widget-google_maps\" data-id=\"93f3f37\" data-element_type=\"widget\" data-widget_type=\"google_maps.default\">\n\t\t\t\t<div class=\"elementor-widget-container\">\n\t\t\t\t\t\t\t<div class=\"elementor-custom-embed\">\n\t\t\t<iframe loading=\"lazy\"\n\t\t\t\t\tsrc=\"https:\/\/maps.google.com\/maps?q=2070%20Avenue%20Victoria%2C%20Greenfield%20Park%2C%20QC%2C%20J4V1M8&#038;t=m&#038;z=14&#038;output=embed&#038;iwloc=near\"\n\t\t\t\t\ttitle=\"2070 Avenue Victoria, Greenfield Park, QC, J4V1M8\"\n\t\t\t\t\taria-label=\"2070 Avenue Victoria, Greenfield Park, QC, J4V1M8\"\n\t\t\t><\/iframe>\n\t\t<\/div>\n\t\t\t\t\t\t<\/div>\n\t\t\t\t<\/div>\n\t\t\t\t<\/div>\n\t\t\t\t\t<\/div>\n\t\t\t\t<\/div>\n\t\t\t\t<\/div>","protected":false},"excerpt":{"rendered":"<p>NOUS JOINDRE HEURES D&rsquo;OUVERTURE Du lundi au jeudiDe 8h30 \u00e0 15h30 Du vendredi au dimancheFerm\u00e9 EMAIL info@parozenith.com T\u00c9L\u00c9PHONE (450) 286-1797 STATIONNEMENT Stationnement disponible \u00e0 l&rsquo;arri\u00e8re et \u00e0 l&rsquo;avant de l&rsquo;\u00e9difice, \u00e9galement sur les rues adjacentes (Rues R\u00e9gina et Morley). ADRESSE 2070 Avenue Victoria Greenfield Park, Qu\u00e9bec J4V1M8<\/p>","protected":false},"author":2,"featured_media":0,"parent":0,"menu_order":0,"comment_status":"closed","ping_status":"closed","template":"","meta":{"site-sidebar-layout":"no-sidebar","site-content-layout":"page-builder","ast-site-content-layout":"full-width-container","site-content-style":"default","site-sidebar-style":"default","ast-global-header-display":"","ast-banner-title-visibility":"","ast-main-header-display":"","ast-hfb-above-header-display":"","ast-hfb-below-header-display":"","ast-hfb-mobile-header-display":"","site-post-title":"disabled","ast-breadcrumbs-content":"","ast-featured-img":"disabled","footer-sml-layout":"","theme-transparent-header-meta":"","adv-header-id-meta":"","stick-header-meta":"","header-above-stick-meta":"","header-main-stick-meta":"","header-below-stick-meta":"","astra-migrate-meta-layouts":"set","ast-page-background-enabled":"default","ast-page-background-meta":{"desktop":{"background-color":"var(--ast-global-color-4)","background-image":"","background-repeat":"repeat","background-position":"center center","background-size":"auto","background-attachment":"scroll","background-type":"","background-media":"","overlay-type":"","overlay-color":"","overlay-opacity":"","overlay-gradient":""},"tablet":{"background-color":"","background-image":"","background-repeat":"repeat","background-position":"center center","background-size":"auto","background-attachment":"scroll","background-type":"","background-media":"","overlay-type":"","overlay-color":"","overlay-opacity":"","overlay-gradient":""},"mobile":{"background-color":"","background-image":"","background-repeat":"repeat","background-position":"center center","background-size":"auto","background-attachment":"scroll","background-type":"","background-media":"","overlay-type":"","overlay-color":"","overlay-opacity":"","overlay-gradient":""}},"ast-content-background-meta":{"desktop":{"background-color":"var(--ast-global-color-5)","background-image":"","background-repeat":"repeat","background-position":"center center","background-size":"auto","background-attachment":"scroll","background-type":"","background-media":"","overlay-type":"","overlay-color":"","overlay-opacity":"","overlay-gradient":""},"tablet":{"background-color":"var(--ast-global-color-5)","background-image":"","background-repeat":"repeat","background-position":"center center","background-size":"auto","background-attachment":"scroll","background-type":"","background-media":"","overlay-type":"","overlay-color":"","overlay-opacity":"","overlay-gradient":""},"mobile":{"background-color":"var(--ast-global-color-5)","background-image":"","background-repeat":"repeat","background-position":"center center","background-size":"auto","background-attachment":"scroll","background-type":"","background-media":"","overlay-type":"","overlay-color":"","overlay-opacity":"","overlay-gradient":""}},"footnotes":""},"class_list":["post-668","page","type-page","status-publish","hentry"],"featured_image_src":null,"featured_image_src_square":null,"_links":{"self":[{"href":"https:\/\/parozenith.com\/en\/wp-json\/wp\/v2\/pages\/668","targetHints":{"allow":["GET"]}}],"collection":[{"href":"https:\/\/parozenith.com\/en\/wp-json\/wp\/v2\/pages"}],"about":[{"href":"https:\/\/parozenith.com\/en\/wp-json\/wp\/v2\/types\/page"}],"author":[{"embeddable":true,"href":"https:\/\/parozenith.com\/en\/wp-json\/wp\/v2\/users\/2"}],"replies":[{"embeddable":true,"href":"https:\/\/parozenith.com\/en\/wp-json\/wp\/v2\/comments?post=668"}],"version-history":[{"count":0,"href":"https:\/\/parozenith.com\/en\/wp-json\/wp\/v2\/pages\/668\/revisions"}],"wp:attachment":[{"href":"https:\/\/parozenith.com\/en\/wp-json\/wp\/v2\/media?parent=668"}],"curies":[{"name":"wp","href":"https:\/\/api.w.org\/{rel}","templated":true}]}}